{"id":1005,"date":"2021-10-14T08:26:12","date_gmt":"2021-10-14T08:26:12","guid":{"rendered":"http:\/\/ifair.pro\/?page_id=1005"},"modified":"2021-11-24T18:28:41","modified_gmt":"2021-11-24T18:28:41","slug":"subscribe","status":"publish","type":"page","link":"https:\/\/ifair.pro\/tr\/subscribe\/","title":{"rendered":"Kaydolun"},"content":{"rendered":"<div class=\"fusion-fullwidth fullwidth-box fusion-builder-row-1 fusion-flex-container nonhundred-percent-fullwidth non-hundred-percent-height-scrolling\" style=\"background-color: rgba(255,255,255,0);background-position: center center;background-repeat: no-repeat;border-width: 0px 0px 0px 0px;border-color:#eae9e9;border-style:solid;\" ><div class=\"fusion-builder-row fusion-row fusion-flex-align-items-flex-start\" style=\"max-width:1216.8px;margin-left: calc(-4% \/ 2 );margin-right: calc(-4% \/ 2 );\"><div class=\"fusion-layout-column fusion_builder_column fusion-builder-column-0 fusion_builder_column_1_1 1_1 fusion-flex-column\"><div class=\"fusion-column-wrapper fusion-flex-justify-content-flex-start fusion-content-layout-column\" style=\"background-position:left top;background-repeat:no-repeat;-webkit-background-size:cover;-moz-background-size:cover;-o-background-size:cover;background-size:cover;padding: 0px 0px 0px 0px;\"><div style=\"text-align:center;\"><div class=\"imageframe-liftup\"><span class=\"fusion-imageframe imageframe-none imageframe-1\"><a class=\"fusion-no-lightbox\" href=\"https:\/\/ifair.pro\/tr\/\" target=\"_self\" aria-label=\"logo\"><img decoding=\"async\" width=\"398\" image_height=\"177\" image_id=\"1096\" src=\"https:\/\/ifair.pro\/wp-content\/uploads\/2021\/11\/logo.png\" data-orig-src=\"http:\/\/ifair.pro\/wp-content\/uploads\/2021\/11\/logo.png\" class=\"lazyload img-responsive wp-image-1096\" srcset=\"data:image\/svg+xml,%3Csvg%20xmlns%3D%27http%3A%2F%2Fwww.w3.org%2F2000%2Fsvg%27%20width%3D%27398%27%20height%3D%27177%27%20viewBox%3D%270%200%20398%20177%27%3E%3Crect%20width%3D%27398%27%20height%3D%273177%27%20fill-opacity%3D%220%22%2F%3E%3C%2Fsvg%3E\" data-srcset=\"https:\/\/ifair.pro\/wp-content\/uploads\/2021\/11\/logo-200x89.png 200w, https:\/\/ifair.pro\/wp-content\/uploads\/2021\/11\/logo.png 398w\" data-sizes=\"auto\" data-orig-sizes=\"(max-width: 1024px) 100vw, (max-width: 640px) 100vw, 398px\" \/><\/a><\/span><\/div><\/div><div style=\"text-align:left;\"><style type=\"text\/css\">.fusion-button.button-1 {border-radius:2px;}<\/style><a class=\"fusion-button button-flat button-small button-default button-1 fusion-button-default-span fusion-button-default-type\" target=\"_self\" href=\"https:\/\/ifair.pro\/tr\/\"><span class=\"fusion-button-text\">Siteye Geri D\u00f6n<\/span><\/a><\/div><\/div><\/div><style type=\"text\/css\">.fusion-body .fusion-builder-column-0{width:100% !important;margin-top : 15px;margin-bottom : 15px;}.fusion-builder-column-0 > .fusion-column-wrapper {padding-top : 0px !important;padding-right : 0px !important;margin-right : 1.92%;padding-bottom : 0px !important;padding-left : 0px !important;margin-left : 1.92%;}@media only screen and (max-width:1024px) {.fusion-body .fusion-builder-column-0{width:100% !important;order : 0;}.fusion-builder-column-0 > .fusion-column-wrapper {margin-right : 1.92%;margin-left : 1.92%;}}@media only screen and (max-width:640px) {.fusion-body .fusion-builder-column-0{width:100% !important;order : 0;}.fusion-builder-column-0 > .fusion-column-wrapper {margin-right : 1.92%;margin-left : 1.92%;}}<\/style><div class=\"fusion-layout-column fusion_builder_column fusion-builder-column-1 fusion_builder_column_1_1 1_1 fusion-flex-column\"><div class=\"fusion-column-wrapper fusion-flex-justify-content-flex-start fusion-content-layout-column\" style=\"background-position:left top;background-repeat:no-repeat;-webkit-background-size:cover;-moz-background-size:cover;-o-background-size:cover;background-size:cover;padding: 0px 0px 0px 0px;\"><style type=\"text\/css\">@media only screen and (max-width:1024px) {.fusion-title.fusion-title-1{margin-top:15px!important;margin-bottom:15px!important;}}<\/style><div class=\"fusion-title title fusion-title-1 sep-underline sep-solid fusion-title-text fusion-title-size-one\" style=\"border-bottom-color:#dbe2ea;margin-top:15px;margin-bottom:15px;\"><h1 class=\"title-heading-left\" style=\"margin:0;\">Kullanmaya ba\u015flamak i\u00e7in l\u00fctfen kay\u0131t olu\u015fturun<\/h1><\/div><script charset=\"utf-8\" type=\"text\/javascript\" src=\"\/\/js-eu1.hsforms.net\/forms\/shell.js\"><\/script>\n<script>\n  hbspt.forms.create({\n\tregion: \"eu1\",\n\tportalId: \"25166044\",\n\tformId: \"08286d52-749f-425b-83bf-464934972012\"\n});\n<\/script><\/div><\/div><style type=\"text\/css\">.fusion-body .fusion-builder-column-1{width:100% !important;margin-top : 15px;margin-bottom : 15px;}.fusion-builder-column-1 > .fusion-column-wrapper {padding-top : 0px !important;padding-right : 0px !important;margin-right : 1.92%;padding-bottom : 0px !important;padding-left : 0px !important;margin-left : 1.92%;}@media only screen and (max-width:1024px) {.fusion-body .fusion-builder-column-1{width:100% !important;order : 0;}.fusion-builder-column-1 > .fusion-column-wrapper {margin-right : 1.92%;margin-left : 1.92%;}}@media only screen and (max-width:640px) {.fusion-body .fusion-builder-column-1{width:100% !important;order : 0;}.fusion-builder-column-1 > .fusion-column-wrapper {margin-right : 1.92%;margin-left : 1.92%;}}<\/style><\/div><style type=\"text\/css\">.fusion-body .fusion-flex-container.fusion-builder-row-1{ padding-top : 0px;margin-top : 0px;padding-right : 0px;padding-bottom : 0px;margin-bottom : 0px;padding-left : 0px;}<\/style><\/div>","protected":false},"excerpt":{"rendered":"","protected":false},"author":1,"featured_media":0,"parent":0,"menu_order":0,"comment_status":"closed","ping_status":"closed","template":"blank.php","meta":{"content-type":"","footnotes":""},"class_list":["post-1005","page","type-page","status-publish","hentry"],"aioseo_notices":[],"_links":{"self":[{"href":"https:\/\/ifair.pro\/tr\/wp-json\/wp\/v2\/pages\/1005","targetHints":{"allow":["GET"]}}],"collection":[{"href":"https:\/\/ifair.pro\/tr\/wp-json\/wp\/v2\/pages"}],"about":[{"href":"https:\/\/ifair.pro\/tr\/wp-json\/wp\/v2\/types\/page"}],"author":[{"embeddable":true,"href":"https:\/\/ifair.pro\/tr\/wp-json\/wp\/v2\/users\/1"}],"replies":[{"embeddable":true,"href":"https:\/\/ifair.pro\/tr\/wp-json\/wp\/v2\/comments?post=1005"}],"version-history":[{"count":13,"href":"https:\/\/ifair.pro\/tr\/wp-json\/wp\/v2\/pages\/1005\/revisions"}],"predecessor-version":[{"id":1110,"href":"https:\/\/ifair.pro\/tr\/wp-json\/wp\/v2\/pages\/1005\/revisions\/1110"}],"wp:attachment":[{"href":"https:\/\/ifair.pro\/tr\/wp-json\/wp\/v2\/media?parent=1005"}],"curies":[{"name":"wp","href":"https:\/\/api.w.org\/{rel}","templated":true}]}}